{"id":253,"date":"2023-07-06T12:16:05","date_gmt":"2023-07-06T12:16:05","guid":{"rendered":"https:\/\/frankgaviria.com\/?page_id=253"},"modified":"2023-09-11T08:34:02","modified_gmt":"2023-09-11T08:34:02","slug":"404-page","status":"publish","type":"page","link":"https:\/\/frankgaviria.com\/es\/404-page\/","title":{"rendered":"404 Page"},"content":{"rendered":"<div data-elementor-type=\"wp-page\" data-elementor-id=\"253\" class=\"elementor elementor-253\" data-elementor-settings=\"{&quot;ha_cmc_init_switcher&quot;:&quot;no&quot;}\" data-elementor-post-type=\"page\">\n\t\t\t\t\t\t<section class=\"elementor-section elementor-top-section elementor-element elementor-element-42be8e59 elementor-section-content-middle elementor-section-height-full elementor-section-boxed elementor-section-height-default elementor-section-items-middle wpr-particle-no wpr-jarallax-no wpr-parallax-no wpr-sticky-section-no wpr-equal-height-no\" data-id=\"42be8e59\" data-element_type=\"section\" data-e-type=\"section\" data-settings=\"{&quot;background_background&quot;:&quot;classic&quot;,&quot;_ha_eqh_enable&quot;:false}\">\n\t\t\t\t\t\t\t<div class=\"elementor-background-overlay\"><\/div>\n\t\t\t\t\t\t\t<div class=\"elementor-container elementor-column-gap-default\">\n\t\t\t\t\t<div class=\"elementor-column elementor-col-100 elementor-top-column elementor-element elementor-element-1e18408d\" data-id=\"1e18408d\" data-element_type=\"column\" data-e-type=\"column\">\n\t\t\t<div class=\"elementor-widget-wrap elementor-element-populated\">\n\t\t\t\t\t\t<div class=\"elementor-element elementor-element-6bae5c08 elementor-widget elementor-widget-heading\" data-id=\"6bae5c08\" data-element_type=\"widget\" data-e-type=\"widget\" data-widget_type=\"heading.default\">\n\t\t\t\t<div class=\"elementor-widget-container\">\n\t\t\t\t\t<span class=\"elementor-heading-title elementor-size-default\">404<\/span>\t\t\t\t<\/div>\n\t\t\t\t<\/div>\n\t\t\t\t<div class=\"elementor-element elementor-element-437251f3 elementor-widget elementor-widget-heading\" data-id=\"437251f3\" data-element_type=\"widget\" data-e-type=\"widget\" data-widget_type=\"heading.default\">\n\t\t\t\t<div class=\"elementor-widget-container\">\n\t\t\t\t\t<h2 class=\"elementor-heading-title elementor-size-default\">P\u00e1gina no encontrada<\/h2>\t\t\t\t<\/div>\n\t\t\t\t<\/div>\n\t\t\t\t<div class=\"elementor-element elementor-element-11af0e28 elementor-widget elementor-widget-text-editor\" data-id=\"11af0e28\" data-element_type=\"widget\" data-e-type=\"widget\" data-widget_type=\"text-editor.default\">\n\t\t\t\t<div class=\"elementor-widget-container\">\n\t\t\t\t\t\t\t\t\tEs posible que la p\u00e1gina que est\u00e1s buscando haya sido eliminada, haya cambiado su nombre o no est\u00e9 disponible temporalmente.\n\t\t\t\t\t\t\t\t<\/div>\n\t\t\t\t<\/div>\n\t\t\t\t<div class=\"elementor-element elementor-element-417bb5af elementor-align-center elementor-widget__width-auto elementor-widget elementor-widget-button\" data-id=\"417bb5af\" data-element_type=\"widget\" data-e-type=\"widget\" data-widget_type=\"button.default\">\n\t\t\t\t<div class=\"elementor-widget-container\">\n\t\t\t\t\t\t\t\t\t<div class=\"elementor-button-wrapper\">\n\t\t\t\t\t<a class=\"elementor-button elementor-button-link elementor-size-xl\" href=\"#\">\n\t\t\t\t\t\t<span class=\"elementor-button-content-wrapper\">\n\t\t\t\t\t\t\t\t\t<span class=\"elementor-button-text\">De vuelta a casa<\/span>\n\t\t\t\t\t<\/span>\n\t\t\t\t\t<\/a>\n\t\t\t\t<\/div>\n\t\t\t\t\t\t\t\t<\/div>\n\t\t\t\t<\/div>\n\t\t\t\t\t<\/div>\n\t\t<\/div>\n\t\t\t\t\t<\/div>\n\t\t<\/section>\n\t\t\t\t<\/div>","protected":false},"excerpt":{"rendered":"<p>404 Page Not Found The page you are looking for might have been removed had its name changed or is temporarily unavailable Back To Home<\/p>","protected":false},"author":2,"featured_media":0,"parent":0,"menu_order":0,"comment_status":"closed","ping_status":"closed","template":"elementor_header_footer","meta":{"_acf_changed":false,"footnotes":""},"class_list":["post-253","page","type-page","status-publish","hentry","entry"],"acf":[],"yoast_head":"<!-- This site is optimized with the Yoast SEO plugin v27.4 - https:\/\/yoast.com\/product\/yoast-seo-wordpress\/ -->\n<title>404 Page - Gaviria<\/title>\n<meta name=\"robots\" content=\"index, follow, max-snippet:-1, max-image-preview:large, max-video-preview:-1\" \/>\n<link rel=\"canonical\" href=\"https:\/\/frankgaviria.com\/es\/404-page\/\" \/>\n<meta property=\"og:locale\" content=\"es_ES\" \/>\n<meta property=\"og:type\" content=\"article\" \/>\n<meta property=\"og:title\" content=\"404 Page - Gaviria\" \/>\n<meta property=\"og:description\" content=\"404 Page Not Found The page you are looking for might have been removed had its name changed or is temporarily unavailable Back To Home\" \/>\n<meta property=\"og:url\" content=\"https:\/\/frankgaviria.com\/es\/404-page\/\" \/>\n<meta property=\"og:site_name\" content=\"Gaviria\" \/>\n<meta property=\"article:publisher\" content=\"https:\/\/www.facebook.com\/frankgaviriaattorney\" \/>\n<meta property=\"article:modified_time\" content=\"2023-09-11T08:34:02+00:00\" \/>\n<meta name=\"twitter:card\" content=\"summary_large_image\" \/>\n<script type=\"application\/ld+json\" class=\"yoast-schema-graph\">{\"@context\":\"https:\\\/\\\/schema.org\",\"@graph\":[{\"@type\":\"WebPage\",\"@id\":\"https:\\\/\\\/frankgaviria.com\\\/404-page\\\/\",\"url\":\"https:\\\/\\\/frankgaviria.com\\\/404-page\\\/\",\"name\":\"404 Page - Gaviria\",\"isPartOf\":{\"@id\":\"https:\\\/\\\/frankgaviria.com\\\/#website\"},\"datePublished\":\"2023-07-06T12:16:05+00:00\",\"dateModified\":\"2023-09-11T08:34:02+00:00\",\"breadcrumb\":{\"@id\":\"https:\\\/\\\/frankgaviria.com\\\/404-page\\\/#breadcrumb\"},\"inLanguage\":\"es\",\"potentialAction\":[{\"@type\":\"ReadAction\",\"target\":[\"https:\\\/\\\/frankgaviria.com\\\/404-page\\\/\"]}]},{\"@type\":\"BreadcrumbList\",\"@id\":\"https:\\\/\\\/frankgaviria.com\\\/404-page\\\/#breadcrumb\",\"itemListElement\":[{\"@type\":\"ListItem\",\"position\":1,\"name\":\"Home\",\"item\":\"https:\\\/\\\/frankgaviria.com\\\/\"},{\"@type\":\"ListItem\",\"position\":2,\"name\":\"404 Page\"}]},{\"@type\":\"WebSite\",\"@id\":\"https:\\\/\\\/frankgaviria.com\\\/#website\",\"url\":\"https:\\\/\\\/frankgaviria.com\\\/\",\"name\":\"Gaviria\",\"description\":\"\",\"publisher\":{\"@id\":\"https:\\\/\\\/frankgaviria.com\\\/#organization\"},\"potentialAction\":[{\"@type\":\"SearchAction\",\"target\":{\"@type\":\"EntryPoint\",\"urlTemplate\":\"https:\\\/\\\/frankgaviria.com\\\/?s={search_term_string}\"},\"query-input\":{\"@type\":\"PropertyValueSpecification\",\"valueRequired\":true,\"valueName\":\"search_term_string\"}}],\"inLanguage\":\"es\"},{\"@type\":\"Organization\",\"@id\":\"https:\\\/\\\/frankgaviria.com\\\/#organization\",\"name\":\"Gaviria\",\"url\":\"https:\\\/\\\/frankgaviria.com\\\/\",\"logo\":{\"@type\":\"ImageObject\",\"inLanguage\":\"es\",\"@id\":\"https:\\\/\\\/frankgaviria.com\\\/#\\\/schema\\\/logo\\\/image\\\/\",\"url\":\"https:\\\/\\\/frankgaviria.com\\\/wp-content\\\/uploads\\\/2023\\\/07\\\/Layer_1-2.png\",\"contentUrl\":\"https:\\\/\\\/frankgaviria.com\\\/wp-content\\\/uploads\\\/2023\\\/07\\\/Layer_1-2.png\",\"width\":220,\"height\":59,\"caption\":\"Gaviria\"},\"image\":{\"@id\":\"https:\\\/\\\/frankgaviria.com\\\/#\\\/schema\\\/logo\\\/image\\\/\"},\"sameAs\":[\"https:\\\/\\\/www.facebook.com\\\/frankgaviriaattorney\",\"https:\\\/\\\/www.instagram.com\\\/frankgaviria\\\/\",\"https:\\\/\\\/www.linkedin.com\\\/pub\\\/frank-j-gaviria\\\/63\\\/233\\\/686\\\/\"]}]}<\/script>\n<!-- \/ Yoast SEO plugin. -->","yoast_head_json":{"title":"404 Page - Gaviria","robots":{"index":"index","follow":"follow","max-snippet":"max-snippet:-1","max-image-preview":"max-image-preview:large","max-video-preview":"max-video-preview:-1"},"canonical":"https:\/\/frankgaviria.com\/es\/404-page\/","og_locale":"es_ES","og_type":"article","og_title":"404 Page - Gaviria","og_description":"404 Page Not Found The page you are looking for might have been removed had its name changed or is temporarily unavailable Back To Home","og_url":"https:\/\/frankgaviria.com\/es\/404-page\/","og_site_name":"Gaviria","article_publisher":"https:\/\/www.facebook.com\/frankgaviriaattorney","article_modified_time":"2023-09-11T08:34:02+00:00","twitter_card":"summary_large_image","schema":{"@context":"https:\/\/schema.org","@graph":[{"@type":"WebPage","@id":"https:\/\/frankgaviria.com\/404-page\/","url":"https:\/\/frankgaviria.com\/404-page\/","name":"404 Page - Gaviria","isPartOf":{"@id":"https:\/\/frankgaviria.com\/#website"},"datePublished":"2023-07-06T12:16:05+00:00","dateModified":"2023-09-11T08:34:02+00:00","breadcrumb":{"@id":"https:\/\/frankgaviria.com\/404-page\/#breadcrumb"},"inLanguage":"es","potentialAction":[{"@type":"ReadAction","target":["https:\/\/frankgaviria.com\/404-page\/"]}]},{"@type":"BreadcrumbList","@id":"https:\/\/frankgaviria.com\/404-page\/#breadcrumb","itemListElement":[{"@type":"ListItem","position":1,"name":"Home","item":"https:\/\/frankgaviria.com\/"},{"@type":"ListItem","position":2,"name":"404 Page"}]},{"@type":"WebSite","@id":"https:\/\/frankgaviria.com\/#website","url":"https:\/\/frankgaviria.com\/","name":"Gaviria","description":"","publisher":{"@id":"https:\/\/frankgaviria.com\/#organization"},"potentialAction":[{"@type":"SearchAction","target":{"@type":"EntryPoint","urlTemplate":"https:\/\/frankgaviria.com\/?s={search_term_string}"},"query-input":{"@type":"PropertyValueSpecification","valueRequired":true,"valueName":"search_term_string"}}],"inLanguage":"es"},{"@type":"Organization","@id":"https:\/\/frankgaviria.com\/#organization","name":"Gaviria","url":"https:\/\/frankgaviria.com\/","logo":{"@type":"ImageObject","inLanguage":"es","@id":"https:\/\/frankgaviria.com\/#\/schema\/logo\/image\/","url":"https:\/\/frankgaviria.com\/wp-content\/uploads\/2023\/07\/Layer_1-2.png","contentUrl":"https:\/\/frankgaviria.com\/wp-content\/uploads\/2023\/07\/Layer_1-2.png","width":220,"height":59,"caption":"Gaviria"},"image":{"@id":"https:\/\/frankgaviria.com\/#\/schema\/logo\/image\/"},"sameAs":["https:\/\/www.facebook.com\/frankgaviriaattorney","https:\/\/www.instagram.com\/frankgaviria\/","https:\/\/www.linkedin.com\/pub\/frank-j-gaviria\/63\/233\/686\/"]}]}},"_links":{"self":[{"href":"https:\/\/frankgaviria.com\/es\/wp-json\/wp\/v2\/pages\/253","targetHints":{"allow":["GET"]}}],"collection":[{"href":"https:\/\/frankgaviria.com\/es\/wp-json\/wp\/v2\/pages"}],"about":[{"href":"https:\/\/frankgaviria.com\/es\/wp-json\/wp\/v2\/types\/page"}],"author":[{"embeddable":true,"href":"https:\/\/frankgaviria.com\/es\/wp-json\/wp\/v2\/users\/2"}],"replies":[{"embeddable":true,"href":"https:\/\/frankgaviria.com\/es\/wp-json\/wp\/v2\/comments?post=253"}],"version-history":[{"count":16,"href":"https:\/\/frankgaviria.com\/es\/wp-json\/wp\/v2\/pages\/253\/revisions"}],"predecessor-version":[{"id":7605,"href":"https:\/\/frankgaviria.com\/es\/wp-json\/wp\/v2\/pages\/253\/revisions\/7605"}],"wp:attachment":[{"href":"https:\/\/frankgaviria.com\/es\/wp-json\/wp\/v2\/media?parent=253"}],"curies":[{"name":"wp","href":"https:\/\/api.w.org\/{rel}","templated":true}]}}