{"id":120,"date":"2023-07-06T10:21:00","date_gmt":"2023-07-06T10:21:00","guid":{"rendered":"https:\/\/frankgaviria.com\/?page_id=120"},"modified":"2024-10-28T07:06:33","modified_gmt":"2024-10-28T07:06:33","slug":"contact","status":"publish","type":"page","link":"https:\/\/frankgaviria.com\/es\/contact\/","title":{"rendered":"Contacto"},"content":{"rendered":"<div data-elementor-type=\"wp-page\" data-elementor-id=\"120\" class=\"elementor elementor-120\" data-elementor-settings=\"{&quot;ha_cmc_init_switcher&quot;:&quot;no&quot;}\" data-elementor-post-type=\"page\">\n\t\t\t\t\t\t<section class=\"elementor-section elementor-top-section elementor-element elementor-element-3bc9dd2 elementor-section-stretched elementor-section-boxed elementor-section-height-default elementor-section-height-default wpr-particle-no wpr-jarallax-no wpr-parallax-no wpr-sticky-section-no wpr-column-slider-no wpr-equal-height-no\" data-id=\"3bc9dd2\" data-element_type=\"section\" data-e-type=\"section\" id=\"get4-in-section\" data-settings=\"{&quot;background_background&quot;:&quot;classic&quot;,&quot;stretch_section&quot;:&quot;section-stretched&quot;,&quot;_ha_eqh_enable&quot;:false}\">\n\t\t\t\t\t\t\t<div class=\"elementor-background-overlay\"><\/div>\n\t\t\t\t\t\t\t<div class=\"elementor-container elementor-column-gap-default\">\n\t\t\t\t\t<div class=\"elementor-column elementor-col-100 elementor-top-column elementor-element elementor-element-3c62d25\" data-id=\"3c62d25\" data-element_type=\"column\" data-e-type=\"column\">\n\t\t\t<div class=\"elementor-widget-wrap elementor-element-populated\">\n\t\t\t\t\t\t<section class=\"elementor-section elementor-inner-section elementor-element elementor-element-58194cb elementor-section-content-middle elementor-section-full_width elementor-section-height-default elementor-section-height-default wpr-particle-no wpr-jarallax-no wpr-parallax-no wpr-sticky-section-no wpr-column-slider-no wpr-equal-height-no\" data-id=\"58194cb\" data-element_type=\"section\" data-e-type=\"section\" data-settings=\"{&quot;_ha_eqh_enable&quot;:false}\">\n\t\t\t\t\t\t<div class=\"elementor-container elementor-column-gap-no\">\n\t\t\t\t\t<div class=\"elementor-column elementor-col-100 elementor-inner-column elementor-element elementor-element-13b9e1c form-container\" data-id=\"13b9e1c\" data-element_type=\"column\" data-e-type=\"column\" data-settings=\"{&quot;background_background&quot;:&quot;classic&quot;}\">\n\t\t\t<div class=\"elementor-widget-wrap elementor-element-populated\">\n\t\t\t\t\t\t<div class=\"elementor-element elementor-element-3d9c02d elementor-widget-tablet__width-initial elementor-widget elementor-widget-heading\" data-id=\"3d9c02d\" data-element_type=\"widget\" data-e-type=\"widget\" data-widget_type=\"heading.default\">\n\t\t\t\t<div class=\"elementor-widget-container\">\n\t\t\t\t\t<h2 class=\"elementor-heading-title elementor-size-default\">Ponerse en contacto<\/h2>\t\t\t\t<\/div>\n\t\t\t\t<\/div>\n\t\t\t\t\t<\/div>\n\t\t<\/div>\n\t\t\t\t\t<\/div>\n\t\t<\/section>\n\t\t\t\t<div class=\"elementor-element elementor-element-fb70753 elementor-widget elementor-widget-shortcode\" data-id=\"fb70753\" data-element_type=\"widget\" data-e-type=\"widget\" data-widget_type=\"shortcode.default\">\n\t\t\t\t<div class=\"elementor-widget-container\">\n\t\t\t\t\t\t\t<div class=\"elementor-shortcode\"><iframe src=\"https:\/\/frank-j-gaviria-pa.mycase.com\/contact_us\/ptBqZHtAsqHgxcjer8Peziou\" title=\"Contact Us Form\" style=\"border:none;\" width=\"600\" height=\"800\"><!-- Specify a width and height by changing the width\/height properties of this iframe --><\/iframe><\/div>\n\t\t\t\t\t\t<\/div>\n\t\t\t\t<\/div>\n\t\t\t\t<section class=\"elementor-section elementor-inner-section elementor-element elementor-element-caf152e elementor-section-content-middle elementor-section-full_width elementor-section-height-default elementor-section-height-default wpr-particle-no wpr-jarallax-no wpr-parallax-no wpr-sticky-section-no wpr-column-slider-no wpr-equal-height-no\" data-id=\"caf152e\" data-element_type=\"section\" data-e-type=\"section\" data-settings=\"{&quot;_ha_eqh_enable&quot;:false}\">\n\t\t\t\t\t\t<div class=\"elementor-container elementor-column-gap-no\">\n\t\t\t\t\t<div class=\"elementor-column elementor-col-100 elementor-inner-column elementor-element elementor-element-ef22e7a form-container\" data-id=\"ef22e7a\" data-element_type=\"column\" data-e-type=\"column\" data-settings=\"{&quot;background_background&quot;:&quot;classic&quot;}\">\n\t\t\t<div class=\"elementor-widget-wrap elementor-element-populated\">\n\t\t\t\t\t\t<div class=\"elementor-element elementor-element-9528268 elementor-widget elementor-widget-text-editor\" data-id=\"9528268\" data-element_type=\"widget\" data-e-type=\"widget\" data-widget_type=\"text-editor.default\">\n\t\t\t\t<div class=\"elementor-widget-container\">\n\t\t\t\t\t\t\t\t\t<div class=\"footer-bottom\">\n<div class=\"top-ft\">\n<h4 class=\"Hablamos-name\">Hablamos espa\u00f1ol<\/h4>\n<p class=\"phone-number\"><a class=\"ft-con\" href=\"tel:(305) 379-4441\"> (305) 379-4441<\/a><\/p>\n\n<\/div>\n<div class=\"bottom-ft\">\n<p class=\"fax-para\"><span class=\"my-name\">Fax: (305) 379-4548<\/p>\n<p class=\"email-para\"><span class=\"my-name\">Correo electr\u00f3nico: Cont\u00e1ctenos<\/a><\/p>\n\n<\/div>\n<\/div>\t\t\t\t\t\t\t\t<\/div>\n\t\t\t\t<\/div>\n\t\t\t\t<div class=\"elementor-element elementor-element-5370125 elementor-widget elementor-widget-text-editor\" data-id=\"5370125\" data-element_type=\"widget\" data-e-type=\"widget\" data-widget_type=\"text-editor.default\">\n\t\t\t\t<div class=\"elementor-widget-container\">\n\t\t\t\t\t\t\t\t\t<div class=\"footer-top\">\n<p class=\"law-paras\">Oficina Legal de Frank J. Gaviria, P.A.<\/p>\n<p class=\"law-paras\">14 NE 1 Avenue #301 Miami, FL 33132.<\/p>\n\n<\/div>\t\t\t\t\t\t\t\t<\/div>\n\t\t\t\t<\/div>\n\t\t\t\t\t<\/div>\n\t\t<\/div>\n\t\t\t\t\t<\/div>\n\t\t<\/section>\n\t\t\t\t\t<\/div>\n\t\t<\/div>\n\t\t\t\t\t<\/div>\n\t\t<\/section>\n\t\t\t\t<section class=\"elementor-section elementor-top-section elementor-element elementor-element-26c070d elementor-section-boxed elementor-section-height-default elementor-section-height-default wpr-particle-no wpr-jarallax-no wpr-parallax-no wpr-sticky-section-no wpr-column-slider-no wpr-equal-height-no\" data-id=\"26c070d\" data-element_type=\"section\" data-e-type=\"section\" data-settings=\"{&quot;background_background&quot;:&quot;classic&quot;,&quot;_ha_eqh_enable&quot;:false}\">\n\t\t\t\t\t\t<div class=\"elementor-container elementor-column-gap-no\">\n\t\t\t\t\t<div class=\"elementor-column elementor-col-100 elementor-top-column elementor-element elementor-element-846cb84\" data-id=\"846cb84\" data-element_type=\"column\" data-e-type=\"column\">\n\t\t\t<div class=\"elementor-widget-wrap elementor-element-populated\">\n\t\t\t\t\t\t<div class=\"elementor-element elementor-element-0c02c57 elementor-widget elementor-widget-heading\" data-id=\"0c02c57\" data-element_type=\"widget\" data-e-type=\"widget\" data-widget_type=\"heading.default\">\n\t\t\t\t<div class=\"elementor-widget-container\">\n\t\t\t\t\t<h2 class=\"elementor-heading-title elementor-size-default\">Nosotros estamos listos para ayudarte<\/h2>\t\t\t\t<\/div>\n\t\t\t\t<\/div>\n\t\t\t\t<div class=\"elementor-element elementor-element-77a82db elementor-widget elementor-widget-heading\" data-id=\"77a82db\" data-element_type=\"widget\" data-e-type=\"widget\" data-widget_type=\"heading.default\">\n\t\t\t\t<div class=\"elementor-widget-container\">\n\t\t\t\t\t<p class=\"elementor-heading-title elementor-size-default\">Si bien este sitio web proporciona informaci\u00f3n general, no constituye asesoramiento legal. La mejor manera de obtener orientaci\u00f3n sobre su problema legal espec\u00edfico es contactar a un abogado. Para programar una reuni\u00f3n con un abogado, llame a la firma o complete el formulario de admisi\u00f3n a continuaci\u00f3n.<\/p>\t\t\t\t<\/div>\n\t\t\t\t<\/div>\n\t\t\t\t<div class=\"elementor-element elementor-element-6a6a2b7 elementor-widget elementor-widget-heading\" data-id=\"6a6a2b7\" data-element_type=\"widget\" data-e-type=\"widget\" data-widget_type=\"heading.default\">\n\t\t\t\t<div class=\"elementor-widget-container\">\n\t\t\t\t\t<p class=\"elementor-heading-title elementor-size-default\">P\u00f3ngase en contacto con un abogado de defensa penal de las Oficinas Legales de Frank J. Gaviria, P. A. hoy para una consulta confidencial gratuita.<\/p>\t\t\t\t<\/div>\n\t\t\t\t<\/div>\n\t\t\t\t<div class=\"elementor-element elementor-element-071c6fe elementor-widget elementor-widget-heading\" data-id=\"071c6fe\" data-element_type=\"widget\" data-e-type=\"widget\" data-widget_type=\"heading.default\">\n\t\t\t\t<div class=\"elementor-widget-container\">\n\t\t\t\t\t<p class=\"elementor-heading-title elementor-size-default\">El equipo est\u00e1 disponible para responder sus preguntas las 24 horas del d\u00eda, los 7 d\u00edas de la semana.<\/p>\t\t\t\t<\/div>\n\t\t\t\t<\/div>\n\t\t\t\t<div class=\"elementor-element elementor-element-7c26af2 elementor-widget elementor-widget-heading\" data-id=\"7c26af2\" data-element_type=\"widget\" data-e-type=\"widget\" data-widget_type=\"heading.default\">\n\t\t\t\t<div class=\"elementor-widget-container\">\n\t\t\t\t\t<p class=\"elementor-heading-title elementor-size-default\">Si ha sido acusado de un delito federal en cualquier lugar de los Estados Unidos o de un delito estatal en el \u00e1rea metropolitana de Miami o en cualquier otro lugar del estado, necesita el mejor abogado defensor penal que pueda pagar. Comun\u00edquese con las Oficinas Legales de Frank J. Gaviria,P.A. para consultar con un bufete de abogados dedicado a la defensa penal. Nuestro equipo altamente calificado de abogados defensores penales ha manejado con \u00e9xito m\u00e1s de mil casos penales federales y estatales y comparte d\u00e9cadas de experiencia legal. Ll\u00e1menos hoy o cont\u00e1ctenos en l\u00ednea para una evaluaci\u00f3n gratuita de su asunto o investigaci\u00f3n penal.<\/p>\t\t\t\t<\/div>\n\t\t\t\t<\/div>\n\t\t\t\t<div class=\"elementor-element elementor-element-30ab2e9 elementor-widget elementor-widget-heading\" data-id=\"30ab2e9\" data-element_type=\"widget\" data-e-type=\"widget\" data-widget_type=\"heading.default\">\n\t\t\t\t<div class=\"elementor-widget-container\">\n\t\t\t\t\t<p class=\"elementor-heading-title elementor-size-default translation-block\">Los campos marcados con un <span class=\"ny\">*<\/span> son obligatorios<\/p>\t\t\t\t<\/div>\n\t\t\t\t<\/div>\n\t\t\t\t\t<\/div>\n\t\t<\/div>\n\t\t\t\t\t<\/div>\n\t\t<\/section>\n\t\t\t\t<\/div>","protected":false},"excerpt":{"rendered":"<p>Get in Touch Hablamos espa\u00f1ol (305) 379-4441 Fax : (305) 379-4548 Email :Contact Us Law Offices of Frank J. Gaviria, P.A. 14 NE 1 Avenue #301 Miami, FL 33132. We Are Ready to Help You While this website provides general information, it does not constitute legal advice. The best way to get guidance on your specific legal issue is to contact a lawyer. To schedule a meeting with an attorney, please call the firm or complete the intake form below. Contact a criminal defense attorney from the Law Offices of Frank J. Gaviria, P. A. today for a complimentary confidential consultation. The team is available to answer your questions 24\/7. If you have been accused of a federal crime anywhere in the United States or a state crime in the Miami metropolitan area or elsewhere statewide, you need the best criminal defense lawyer you can afford. Contact The Law Offices of Frank J. Gaviria,P.A. for consultation with a dedicated criminal defense law firm. Our highly-rated team of criminal defense lawyers have successfully handled over one thousand federal and state criminal cases and share decades of legal experience. Call us today or contact us online for a complimentary evaluation of your criminal matter or investigation. Fields marked with an * are required<\/p>","protected":false},"author":2,"featured_media":0,"parent":0,"menu_order":0,"comment_status":"closed","ping_status":"closed","template":"elementor_header_footer","meta":{"_acf_changed":false,"footnotes":""},"class_list":["post-120","page","type-page","status-publish","hentry","entry"],"acf":[],"yoast_head":"<!-- This site is optimized with the Yoast SEO plugin v27.5 - https:\/\/yoast.com\/product\/yoast-seo-wordpress\/ -->\n<title>Contact - Gaviria<\/title>\n<meta name=\"robots\" content=\"index, follow, max-snippet:-1, max-image-preview:large, max-video-preview:-1\" \/>\n<link rel=\"canonical\" href=\"https:\/\/frankgaviria.com\/es\/contact\/\" \/>\n<meta property=\"og:locale\" content=\"es_ES\" \/>\n<meta property=\"og:type\" content=\"article\" \/>\n<meta property=\"og:title\" content=\"Contact - Gaviria\" \/>\n<meta property=\"og:description\" content=\"Get in Touch Hablamos espa\u00f1ol (305) 379-4441 Fax : (305) 379-4548 Email :Contact Us Law Offices of Frank J. Gaviria, P.A. 14 NE 1 Avenue #301 Miami, FL 33132. We Are Ready to Help You While this website provides general information, it does not constitute legal advice. The best way to get guidance on your specific legal issue is to contact a lawyer. To schedule a meeting with an attorney, please call the firm or complete the intake form below. Contact a criminal defense attorney from the Law Offices of Frank J. Gaviria, P. A. today for a complimentary confidential consultation. The team is available to answer your questions 24\/7. If you have been accused of a federal crime anywhere in the United States or a state crime in the Miami metropolitan area or elsewhere statewide, you need the best criminal defense lawyer you can afford. Contact The Law Offices of Frank J. Gaviria,P.A. for consultation with a dedicated criminal defense law firm. Our highly-rated team of criminal defense lawyers have successfully handled over one thousand federal and state criminal cases and share decades of legal experience. Call us today or contact us online for a complimentary evaluation of your criminal matter or investigation. Fields marked with an * are required\" \/>\n<meta property=\"og:url\" content=\"https:\/\/frankgaviria.com\/es\/contact\/\" \/>\n<meta property=\"og:site_name\" content=\"Gaviria\" \/>\n<meta property=\"article:publisher\" content=\"https:\/\/www.facebook.com\/frankgaviriaattorney\" \/>\n<meta property=\"article:modified_time\" content=\"2024-10-28T07:06:33+00:00\" \/>\n<meta name=\"twitter:card\" content=\"summary_large_image\" \/>\n<meta name=\"twitter:label1\" content=\"Tiempo de lectura\" \/>\n\t<meta name=\"twitter:data1\" content=\"1 minuto\" \/>\n<script type=\"application\/ld+json\" class=\"yoast-schema-graph\">{\"@context\":\"https:\\\/\\\/schema.org\",\"@graph\":[{\"@type\":\"WebPage\",\"@id\":\"https:\\\/\\\/frankgaviria.com\\\/es\\\/contact\\\/\",\"url\":\"https:\\\/\\\/frankgaviria.com\\\/es\\\/contact\\\/\",\"name\":\"Contact - Gaviria\",\"isPartOf\":{\"@id\":\"https:\\\/\\\/frankgaviria.com\\\/#website\"},\"datePublished\":\"2023-07-06T10:21:00+00:00\",\"dateModified\":\"2024-10-28T07:06:33+00:00\",\"breadcrumb\":{\"@id\":\"https:\\\/\\\/frankgaviria.com\\\/es\\\/contact\\\/#breadcrumb\"},\"inLanguage\":\"es\",\"potentialAction\":[{\"@type\":\"ReadAction\",\"target\":[\"https:\\\/\\\/frankgaviria.com\\\/es\\\/contact\\\/\"]}]},{\"@type\":\"BreadcrumbList\",\"@id\":\"https:\\\/\\\/frankgaviria.com\\\/es\\\/contact\\\/#breadcrumb\",\"itemListElement\":[{\"@type\":\"ListItem\",\"position\":1,\"name\":\"Home\",\"item\":\"https:\\\/\\\/frankgaviria.com\\\/\"},{\"@type\":\"ListItem\",\"position\":2,\"name\":\"Contact\"}]},{\"@type\":\"WebSite\",\"@id\":\"https:\\\/\\\/frankgaviria.com\\\/#website\",\"url\":\"https:\\\/\\\/frankgaviria.com\\\/\",\"name\":\"Gaviria\",\"description\":\"\",\"publisher\":{\"@id\":\"https:\\\/\\\/frankgaviria.com\\\/#organization\"},\"potentialAction\":[{\"@type\":\"SearchAction\",\"target\":{\"@type\":\"EntryPoint\",\"urlTemplate\":\"https:\\\/\\\/frankgaviria.com\\\/?s={search_term_string}\"},\"query-input\":{\"@type\":\"PropertyValueSpecification\",\"valueRequired\":true,\"valueName\":\"search_term_string\"}}],\"inLanguage\":\"es\"},{\"@type\":\"Organization\",\"@id\":\"https:\\\/\\\/frankgaviria.com\\\/#organization\",\"name\":\"Gaviria\",\"url\":\"https:\\\/\\\/frankgaviria.com\\\/\",\"logo\":{\"@type\":\"ImageObject\",\"inLanguage\":\"es\",\"@id\":\"https:\\\/\\\/frankgaviria.com\\\/#\\\/schema\\\/logo\\\/image\\\/\",\"url\":\"https:\\\/\\\/frankgaviria.com\\\/wp-content\\\/uploads\\\/2023\\\/07\\\/Layer_1-2.png\",\"contentUrl\":\"https:\\\/\\\/frankgaviria.com\\\/wp-content\\\/uploads\\\/2023\\\/07\\\/Layer_1-2.png\",\"width\":220,\"height\":59,\"caption\":\"Gaviria\"},\"image\":{\"@id\":\"https:\\\/\\\/frankgaviria.com\\\/#\\\/schema\\\/logo\\\/image\\\/\"},\"sameAs\":[\"https:\\\/\\\/www.facebook.com\\\/frankgaviriaattorney\",\"https:\\\/\\\/www.instagram.com\\\/frankgaviria\\\/\",\"https:\\\/\\\/www.linkedin.com\\\/pub\\\/frank-j-gaviria\\\/63\\\/233\\\/686\\\/\"]}]}<\/script>\n<!-- \/ Yoast SEO plugin. -->","yoast_head_json":{"title":"Contact - Gaviria","robots":{"index":"index","follow":"follow","max-snippet":"max-snippet:-1","max-image-preview":"max-image-preview:large","max-video-preview":"max-video-preview:-1"},"canonical":"https:\/\/frankgaviria.com\/es\/contact\/","og_locale":"es_ES","og_type":"article","og_title":"Contact - Gaviria","og_description":"Get in Touch Hablamos espa\u00f1ol (305) 379-4441 Fax : (305) 379-4548 Email :Contact Us Law Offices of Frank J. Gaviria, P.A. 14 NE 1 Avenue #301 Miami, FL 33132. We Are Ready to Help You While this website provides general information, it does not constitute legal advice. The best way to get guidance on your specific legal issue is to contact a lawyer. To schedule a meeting with an attorney, please call the firm or complete the intake form below. Contact a criminal defense attorney from the Law Offices of Frank J. Gaviria, P. A. today for a complimentary confidential consultation. The team is available to answer your questions 24\/7. If you have been accused of a federal crime anywhere in the United States or a state crime in the Miami metropolitan area or elsewhere statewide, you need the best criminal defense lawyer you can afford. Contact The Law Offices of Frank J. Gaviria,P.A. for consultation with a dedicated criminal defense law firm. Our highly-rated team of criminal defense lawyers have successfully handled over one thousand federal and state criminal cases and share decades of legal experience. Call us today or contact us online for a complimentary evaluation of your criminal matter or investigation. Fields marked with an * are required","og_url":"https:\/\/frankgaviria.com\/es\/contact\/","og_site_name":"Gaviria","article_publisher":"https:\/\/www.facebook.com\/frankgaviriaattorney","article_modified_time":"2024-10-28T07:06:33+00:00","twitter_card":"summary_large_image","twitter_misc":{"Tiempo de lectura":"1 minuto"},"schema":{"@context":"https:\/\/schema.org","@graph":[{"@type":"WebPage","@id":"https:\/\/frankgaviria.com\/es\/contact\/","url":"https:\/\/frankgaviria.com\/es\/contact\/","name":"Contact - Gaviria","isPartOf":{"@id":"https:\/\/frankgaviria.com\/#website"},"datePublished":"2023-07-06T10:21:00+00:00","dateModified":"2024-10-28T07:06:33+00:00","breadcrumb":{"@id":"https:\/\/frankgaviria.com\/es\/contact\/#breadcrumb"},"inLanguage":"es","potentialAction":[{"@type":"ReadAction","target":["https:\/\/frankgaviria.com\/es\/contact\/"]}]},{"@type":"BreadcrumbList","@id":"https:\/\/frankgaviria.com\/es\/contact\/#breadcrumb","itemListElement":[{"@type":"ListItem","position":1,"name":"Home","item":"https:\/\/frankgaviria.com\/"},{"@type":"ListItem","position":2,"name":"Contact"}]},{"@type":"WebSite","@id":"https:\/\/frankgaviria.com\/#website","url":"https:\/\/frankgaviria.com\/","name":"Gaviria","description":"","publisher":{"@id":"https:\/\/frankgaviria.com\/#organization"},"potentialAction":[{"@type":"SearchAction","target":{"@type":"EntryPoint","urlTemplate":"https:\/\/frankgaviria.com\/?s={search_term_string}"},"query-input":{"@type":"PropertyValueSpecification","valueRequired":true,"valueName":"search_term_string"}}],"inLanguage":"es"},{"@type":"Organization","@id":"https:\/\/frankgaviria.com\/#organization","name":"Gaviria","url":"https:\/\/frankgaviria.com\/","logo":{"@type":"ImageObject","inLanguage":"es","@id":"https:\/\/frankgaviria.com\/#\/schema\/logo\/image\/","url":"https:\/\/frankgaviria.com\/wp-content\/uploads\/2023\/07\/Layer_1-2.png","contentUrl":"https:\/\/frankgaviria.com\/wp-content\/uploads\/2023\/07\/Layer_1-2.png","width":220,"height":59,"caption":"Gaviria"},"image":{"@id":"https:\/\/frankgaviria.com\/#\/schema\/logo\/image\/"},"sameAs":["https:\/\/www.facebook.com\/frankgaviriaattorney","https:\/\/www.instagram.com\/frankgaviria\/","https:\/\/www.linkedin.com\/pub\/frank-j-gaviria\/63\/233\/686\/"]}]}},"_links":{"self":[{"href":"https:\/\/frankgaviria.com\/es\/wp-json\/wp\/v2\/pages\/120","targetHints":{"allow":["GET"]}}],"collection":[{"href":"https:\/\/frankgaviria.com\/es\/wp-json\/wp\/v2\/pages"}],"about":[{"href":"https:\/\/frankgaviria.com\/es\/wp-json\/wp\/v2\/types\/page"}],"author":[{"embeddable":true,"href":"https:\/\/frankgaviria.com\/es\/wp-json\/wp\/v2\/users\/2"}],"replies":[{"embeddable":true,"href":"https:\/\/frankgaviria.com\/es\/wp-json\/wp\/v2\/comments?post=120"}],"version-history":[{"count":301,"href":"https:\/\/frankgaviria.com\/es\/wp-json\/wp\/v2\/pages\/120\/revisions"}],"predecessor-version":[{"id":7671,"href":"https:\/\/frankgaviria.com\/es\/wp-json\/wp\/v2\/pages\/120\/revisions\/7671"}],"wp:attachment":[{"href":"https:\/\/frankgaviria.com\/es\/wp-json\/wp\/v2\/media?parent=120"}],"curies":[{"name":"wp","href":"https:\/\/api.w.org\/{rel}","templated":true}]}}